{"id":19,"date":"2021-05-22T14:33:27","date_gmt":"2021-05-22T12:33:27","guid":{"rendered":"http:\/\/cafehibiskus.de?page_id=19"},"modified":"2021-07-07T20:04:54","modified_gmt":"2021-07-07T18:04:54","slug":"impressum","status":"publish","type":"page","link":"https:\/\/cafehibiskus.de\/index.php\/impressum\/","title":{"rendered":"Impressum"},"content":{"rendered":"\n<p>Caf\u00e9 Hibiskus<br>Ritterstra\u00dfe 52<br>50668 K\u00f6ln<br>Tel: 015126559977<br><br>Mail: info@cafehibiskus.de<br><br>Verantwortlich f\u00fcr den Inhalt: Anika Heil<br><br>Website:<br>Gestaltung: Tobias Bergmann &amp; Ruth Nee\u00dfen<br>Umsetzung: Ruth Nee\u00dfen<\/p>\n\n\n\n<h3 class=\"wp-block-heading\">Disclaimer \u2013 rechtliche Hinweise<\/h3>\n\n\n\n<p><strong>* Haftungsbeschr\u00e4nkung f\u00fcr eigene Inhalte<\/strong> Alle Inhalte unseres Internetauftritts wurden mit Sorgfalt und nach bestem Gewissen erstellt. Eine Gew\u00e4hr f\u00fcr die Aktualit\u00e4t, Vollst\u00e4ndigkeit und Richtigkeit s\u00e4mtlicher Seiten kann jedoch nicht \u00fcbernommen werden. Gem\u00e4\u00df \u00a7 7 Abs. 1 TMG sind wir als Dienstanbieter:in f\u00fcr eigene Inhalte auf diesen Seiten nach den allgemeinen Gesetzen verantwortlich, nach den \u00a7\u00a7 8 bis 10 TMG jedoch nicht verpflichtet, die \u00fcbermittelten oder gespeicherten fremden Informationen zu \u00fcberwachen. Eine umgehende Entfernung dieser Inhalte erfolgt ab dem Zeitpunkt der Kenntnis einer konkreten Rechtsverletzung und wir haften nicht vor dem Zeitpunkt der Kenntniserlangung.<\/p>\n\n\n\n<div style=\"height:40px\" aria-hidden=\"true\" class=\"wp-block-spacer\"><\/div>\n\n\n\n<p><strong>* Haftungsbeschr\u00e4nkung f\u00fcr externe Links<\/strong> Unsere Webseite enth\u00e4lt sog. \u201eexterne Links\u201c (Verkn\u00fcpfungen zu Webseiten Dritter), auf deren Inhalt wir keinen Einfluss haben und f\u00fcr den wir aus diesem Grund keine Gew\u00e4hr \u00fcbernehmen. F\u00fcr die Inhalte und Richtigkeit der Informationen ist der jeweilige Informationsanbieter:in der verlinkten Webseite verantwortlich. Als die Verlinkung vorgenommen wurde, waren f\u00fcr uns keine Rechtsverst\u00f6\u00dfe erkennbar. Sollte uns eine Rechtsverletzung bekannt werden, wird der jeweilige Link umgehend von uns entfernt.<\/p>\n\n\n\n<div style=\"height:40px\" aria-hidden=\"true\" class=\"wp-block-spacer\"><\/div>\n\n\n\n<p><strong>* Urheberrecht<\/strong> Die auf dieser Webseite ver\u00f6ffentlichten Inhalte und Werke unterliegen dem deutschen Urheberrecht. Jede Art der Vervielf\u00e4ltigung, Bearbeitung, Verbreitung und jede Art der Verwertung au\u00dferhalb der Grenzen des Urheberrechts bedarf der vorherigen schriftlichen Zustimmung der jeweiligen Urheber:in bzw. Autor:in.<br><\/p>\n","protected":false},"excerpt":{"rendered":"<p>Caf\u00e9 HibiskusRitterstra\u00dfe 5250668 K\u00f6lnTel: 015126559977 Mail: info@cafehibiskus.de Verantwortlich f\u00fcr den Inhalt: Anika Heil Website:Gestaltung: Tobias Bergmann &amp; Ruth Nee\u00dfenUmsetzung: Ruth Nee\u00dfen Disclaimer \u2013 rechtliche Hinweise * Haftungsbeschr\u00e4nkung f\u00fcr eigene Inhalte Alle Inhalte unseres Internetauftritts wurden mit Sorgfalt und nach bestem Gewissen erstellt. Eine Gew\u00e4hr f\u00fcr die Aktualit\u00e4t, Vollst\u00e4ndigkeit und Richtigkeit s\u00e4mtlicher Seiten kann jedoch nicht [&hellip;]<\/p>\n","protected":false},"author":1,"featured_media":0,"parent":0,"menu_order":0,"comment_status":"closed","ping_status":"closed","template":"","meta":{"footnotes":""},"class_list":["post-19","page","type-page","status-publish","hentry"],"_links":{"self":[{"href":"https:\/\/cafehibiskus.de\/index.php\/wp-json\/wp\/v2\/pages\/19","targetHints":{"allow":["GET"]}}],"collection":[{"href":"https:\/\/cafehibiskus.de\/index.php\/wp-json\/wp\/v2\/pages"}],"about":[{"href":"https:\/\/cafehibiskus.de\/index.php\/wp-json\/wp\/v2\/types\/page"}],"author":[{"embeddable":true,"href":"https:\/\/cafehibiskus.de\/index.php\/wp-json\/wp\/v2\/users\/1"}],"replies":[{"embeddable":true,"href":"https:\/\/cafehibiskus.de\/index.php\/wp-json\/wp\/v2\/comments?post=19"}],"version-history":[{"count":2,"href":"https:\/\/cafehibiskus.de\/index.php\/wp-json\/wp\/v2\/pages\/19\/revisions"}],"predecessor-version":[{"id":243,"href":"https:\/\/cafehibiskus.de\/index.php\/wp-json\/wp\/v2\/pages\/19\/revisions\/243"}],"wp:attachment":[{"href":"https:\/\/cafehibiskus.de\/index.php\/wp-json\/wp\/v2\/media?parent=19"}],"curies":[{"name":"wp","href":"https:\/\/api.w.org\/{rel}","templated":true}]}}