{"id":2,"date":"2021-05-20T15:23:29","date_gmt":"2021-05-20T13:23:29","guid":{"rendered":"http:\/\/cafehibiskus.de?page_id=2"},"modified":"2024-02-21T16:40:02","modified_gmt":"2024-02-21T15:40:02","slug":"beispiel-seite","status":"publish","type":"page","link":"https:\/\/cafehibiskus.de\/index.php\/beispiel-seite\/","title":{"rendered":"Speisekarte"},"content":{"rendered":"\n<p class=\"has-large-font-size\" style=\"font-style:normal;font-weight:800\">Ab sofort haben wir donnerstags und freitags von 12-18 Uhr, samstags und sonntags 14-18 Uhr ge\u00f6ffnet! <\/p>\n\n\n\n<p><\/p>\n\n\n\n<p>F\u00fcr unsere aktuelle Kuchen- und Essensauswahl besucht uns bitte bei Facebook oder Instagram. Oder nat\u00fcrlich im Caf\u00e9 \ud83d\ude09<\/p>\n\n\n\n<p> Danke!<\/p>\n\n\n\n<p><\/p>\n\n\n\n<p><\/p>\n\n\n\n<p><\/p>\n\n\n\n<p><\/p>\n\n\n\n<p><\/p>\n\n\n\n<p><\/p>\n\n\n\n<p><\/p>\n\n\n\n<p><\/p>\n\n\n\n<p><\/p>\n","protected":false},"excerpt":{"rendered":"<p>Ab sofort haben wir donnerstags und freitags von 12-18 Uhr, samstags und sonntags 14-18 Uhr ge\u00f6ffnet! F\u00fcr unsere aktuelle Kuchen- und Essensauswahl besucht uns bitte bei Facebook oder Instagram. Oder nat\u00fcrlich im Caf\u00e9 \ud83d\ude09 Danke!<\/p>\n","protected":false},"author":1,"featured_media":0,"parent":0,"menu_order":0,"comment_status":"closed","ping_status":"open","template":"","meta":{"footnotes":""},"class_list":["post-2","page","type-page","status-publish","hentry"],"_links":{"self":[{"href":"https:\/\/cafehibiskus.de\/index.php\/wp-json\/wp\/v2\/pages\/2","targetHints":{"allow":["GET"]}}],"collection":[{"href":"https:\/\/cafehibiskus.de\/index.php\/wp-json\/wp\/v2\/pages"}],"about":[{"href":"https:\/\/cafehibiskus.de\/index.php\/wp-json\/wp\/v2\/types\/page"}],"author":[{"embeddable":true,"href":"https:\/\/cafehibiskus.de\/index.php\/wp-json\/wp\/v2\/users\/1"}],"replies":[{"embeddable":true,"href":"https:\/\/cafehibiskus.de\/index.php\/wp-json\/wp\/v2\/comments?post=2"}],"version-history":[{"count":46,"href":"https:\/\/cafehibiskus.de\/index.php\/wp-json\/wp\/v2\/pages\/2\/revisions"}],"predecessor-version":[{"id":494,"href":"https:\/\/cafehibiskus.de\/index.php\/wp-json\/wp\/v2\/pages\/2\/revisions\/494"}],"wp:attachment":[{"href":"https:\/\/cafehibiskus.de\/index.php\/wp-json\/wp\/v2\/media?parent=2"}],"curies":[{"name":"wp","href":"https:\/\/api.w.org\/{rel}","templated":true}]}}