{"id":3,"date":"2021-05-20T15:23:29","date_gmt":"2021-05-20T13:23:29","guid":{"rendered":"http:\/\/cafehibiskus.de?page_id=3"},"modified":"2021-07-07T20:03:30","modified_gmt":"2021-07-07T18:03:30","slug":"datenschutzerklaerung","status":"publish","type":"page","link":"https:\/\/cafehibiskus.de\/index.php\/datenschutzerklaerung\/","title":{"rendered":"Datenschutzerkl\u00e4rung"},"content":{"rendered":"\n<p>Durch den Besuch unseres Internetauftritts k\u00f6nnen Informationen \u00fcber den Zugriff (Datum, Uhrzeit, aufgerufene Seite) auf dem Server gespeichert werden. Dies stellt keine Auswertung personenbezogener Daten (z.B. Name, Anschrift oder E-Mail Adresse) dar. <\/p>\n\n\n\n<div style=\"height:34px\" aria-hidden=\"true\" class=\"wp-block-spacer\"><\/div>\n\n\n\n<p>Sofern personenbezogene Daten erhoben werden, erfolgt dies \u2013 sofern m\u00f6glich \u2013 nur mit dem vorherigen Einverst\u00e4ndnis der Nutzer:in der Webseite. Eine Weiterleitung der Daten an Dritte findet ohne ausdr\u00fcckliche Zustimmung der Nutzer:in nicht statt. <\/p>\n\n\n\n<div style=\"height:34px\" aria-hidden=\"true\" class=\"wp-block-spacer\"><\/div>\n\n\n\n<p>Wir weisen ausdr\u00fccklich darauf hin, dass die \u00dcbertragung von Daten im Internet (z.B. per E-Mail) Sicherheitsl\u00fccken aufweisen kann. Ein l\u00fcckenloser Schutz der Daten vor dem Zugriff Dritter kann nicht gew\u00e4hrleistet werden. Wir k\u00f6nnen keine Haftung f\u00fcr die durch solche Sicherheitsl\u00fccken entstehenden Sch\u00e4den \u00fcbernehmen. <\/p>\n\n\n\n<div style=\"height:34px\" aria-hidden=\"true\" class=\"wp-block-spacer\"><\/div>\n\n\n\n<p>Der Verwendung ver\u00f6ffentlichter Kontaktdaten durch Dritte zum Zwecke von Werbung wird ausdr\u00fccklich widersprochen. Wir behalten uns rechtliche Schritte f\u00fcr den Fall der unverlangten Zusendung von Werbeinformationen, z.B. durch Spam-Mails, vor.<\/p>\n","protected":false},"excerpt":{"rendered":"<p>Durch den Besuch unseres Internetauftritts k\u00f6nnen Informationen \u00fcber den Zugriff (Datum, Uhrzeit, aufgerufene Seite) auf dem Server gespeichert werden. Dies stellt keine Auswertung personenbezogener Daten (z.B. Name, Anschrift oder E-Mail Adresse) dar. Sofern personenbezogene Daten erhoben werden, erfolgt dies \u2013 sofern m\u00f6glich \u2013 nur mit dem vorherigen Einverst\u00e4ndnis der Nutzer:in der Webseite. Eine Weiterleitung der [&hellip;]<\/p>\n","protected":false},"author":1,"featured_media":0,"parent":0,"menu_order":0,"comment_status":"closed","ping_status":"open","template":"","meta":{"footnotes":""},"class_list":["post-3","page","type-page","status-publish","hentry"],"_links":{"self":[{"href":"https:\/\/cafehibiskus.de\/index.php\/wp-json\/wp\/v2\/pages\/3","targetHints":{"allow":["GET"]}}],"collection":[{"href":"https:\/\/cafehibiskus.de\/index.php\/wp-json\/wp\/v2\/pages"}],"about":[{"href":"https:\/\/cafehibiskus.de\/index.php\/wp-json\/wp\/v2\/types\/page"}],"author":[{"embeddable":true,"href":"https:\/\/cafehibiskus.de\/index.php\/wp-json\/wp\/v2\/users\/1"}],"replies":[{"embeddable":true,"href":"https:\/\/cafehibiskus.de\/index.php\/wp-json\/wp\/v2\/comments?post=3"}],"version-history":[{"count":1,"href":"https:\/\/cafehibiskus.de\/index.php\/wp-json\/wp\/v2\/pages\/3\/revisions"}],"predecessor-version":[{"id":241,"href":"https:\/\/cafehibiskus.de\/index.php\/wp-json\/wp\/v2\/pages\/3\/revisions\/241"}],"wp:attachment":[{"href":"https:\/\/cafehibiskus.de\/index.php\/wp-json\/wp\/v2\/media?parent=3"}],"curies":[{"name":"wp","href":"https:\/\/api.w.org\/{rel}","templated":true}]}}